{"id":147,"date":"2026-03-29T15:54:14","date_gmt":"2026-03-29T15:54:14","guid":{"rendered":"https:\/\/eliroses.com\/index.php\/about-4\/"},"modified":"2026-04-06T10:15:46","modified_gmt":"2026-04-06T10:15:46","slug":"about","status":"publish","type":"page","link":"https:\/\/eliroses.com\/index.php\/about\/","title":{"rendered":"About"},"content":{"rendered":"\n<div class=\"wp-block-group alignfull superbthemes-navigation-004 is-layout-flow wp-block-group-is-layout-flow\" style=\"margin-top:0;margin-bottom:0\">\n<div class=\"wp-block-cover is-light\" style=\"margin-top:0;margin-bottom:0;padding-top:var(--wp--preset--spacing--superbspacing-xxlarge);padding-right:var(--wp--preset--spacing--superbspacing-small);padding-bottom:var(--wp--preset--spacing--superbspacing-xxlarge);padding-left:var(--wp--preset--spacing--superbspacing-small)\"><span aria-hidden=\"true\" class=\"wp-block-cover__background has-white-background-color has-background-dim-0 has-background-dim\"><\/span><div class=\"wp-block-cover__inner-container has-global-padding is-layout-constrained wp-container-core-cover-is-layout-c988a726 wp-block-cover-is-layout-constrained\">\n<div class=\"wp-block-group alignwide has-global-padding is-content-justification-left is-layout-constrained wp-container-core-group-is-layout-839044b3 wp-block-group-is-layout-constrained\">\n<div class=\"wp-block-group alignwide has-global-padding is-layout-constrained wp-block-group-is-layout-constrained\">\n<h1 class=\"wp-block-heading alignwide has-text-align-left has-custom-theme-2-3-color has-text-color has-superbfont-xxlarge-font-size\">Je m&#8217;appelle Estelle.<\/h1>\n\n\n\n<p class=\"has-text-align-left has-custom-theme-2-1-color has-text-color has-superbfont-small-font-size\">Passionn\u00e9e par les fleurs et les parfums j&#8217;ai travaill\u00e9 pendant plusieurs ann\u00e9es dans le secteur de la parfumerie, une exp\u00e9rience qui a profond\u00e9ment nourri mon univers artistique et affin\u00e9e mon regard sur le monde v\u00e9g\u00e9tal.<\/p>\n\n\n\n<p class=\"has-custom-theme-2-1-color has-text-color\">Je dessine principalement au crayons graphite et a l&#8217;aquarelle. Diplom\u00e9e de l&#8217;ecole de dessin Botanique d&#8217;Edimbourg, j&#8217;ai developp\u00e9 une pratique rigoureuse, guid\u00e9e par l&#8217;observation et la pr\u00e9cision.<\/p>\n\n\n\n<p class=\"has-text-align-left has-custom-theme-2-1-color has-text-color has-superbfont-small-font-size\">Mon univers est doux, minutieux et \u00e9l\u00e9gant, toujours guid\u00e9 par ce qui m&#8217;inspire le plus : la nature.<\/p>\n<\/div>\n<\/div>\n<\/div><\/div>\n<\/div>\n","protected":false},"excerpt":{"rendered":"","protected":false},"author":1,"featured_media":0,"parent":0,"menu_order":0,"comment_status":"closed","ping_status":"closed","template":"superbaddons-page-template","meta":{"footnotes":""},"class_list":["post-147","page","type-page","status-publish","hentry"],"_links":{"self":[{"href":"https:\/\/eliroses.com\/index.php\/wp-json\/wp\/v2\/pages\/147","targetHints":{"allow":["GET"]}}],"collection":[{"href":"https:\/\/eliroses.com\/index.php\/wp-json\/wp\/v2\/pages"}],"about":[{"href":"https:\/\/eliroses.com\/index.php\/wp-json\/wp\/v2\/types\/page"}],"author":[{"embeddable":true,"href":"https:\/\/eliroses.com\/index.php\/wp-json\/wp\/v2\/users\/1"}],"replies":[{"embeddable":true,"href":"https:\/\/eliroses.com\/index.php\/wp-json\/wp\/v2\/comments?post=147"}],"version-history":[{"count":4,"href":"https:\/\/eliroses.com\/index.php\/wp-json\/wp\/v2\/pages\/147\/revisions"}],"predecessor-version":[{"id":161,"href":"https:\/\/eliroses.com\/index.php\/wp-json\/wp\/v2\/pages\/147\/revisions\/161"}],"wp:attachment":[{"href":"https:\/\/eliroses.com\/index.php\/wp-json\/wp\/v2\/media?parent=147"}],"curies":[{"name":"wp","href":"https:\/\/api.w.org\/{rel}","templated":true}]}}